{"id":1665,"date":"2024-05-16T19:01:14","date_gmt":"2024-05-16T19:01:14","guid":{"rendered":"https:\/\/www.koil.pt\/?page_id=1665"},"modified":"2024-06-29T20:16:25","modified_gmt":"2024-06-29T20:16:25","slug":"calculadora-2","status":"publish","type":"page","link":"https:\/\/www.koil.pt\/?page_id=1665","title":{"rendered":"Calculadora"},"content":{"rendered":"<p style=\"text-align: center;\">CALCULADORA de ABASTECIMENTO <br \/>EMULS\u00c3O de REFRIGERA\u00c7\u00c3O<br \/>KAME<\/p>\n<p>\t\t\t\t\t\t\t\t\t\t\t\t\t<img loading=\"lazy\" decoding=\"async\" width=\"260\" height=\"122\" src=\"https:\/\/www.koil.pt\/wp-content\/uploads\/2022\/05\/koil-260x122.png\" alt=\"\" srcset=\"https:\/\/www.koil.pt\/wp-content\/uploads\/2022\/05\/koil-260x122.png 260w, https:\/\/www.koil.pt\/wp-content\/uploads\/2022\/05\/koil-300x141.png 300w, https:\/\/www.koil.pt\/wp-content\/uploads\/2022\/05\/koil-1024x480.png 1024w, https:\/\/www.koil.pt\/wp-content\/uploads\/2022\/05\/koil-768x360.png 768w, https:\/\/www.koil.pt\/wp-content\/uploads\/2022\/05\/koil-1536x720.png 1536w, https:\/\/www.koil.pt\/wp-content\/uploads\/2022\/05\/koil-50x23.png 50w, https:\/\/www.koil.pt\/wp-content\/uploads\/2022\/05\/koil-150x70.png 150w, https:\/\/www.koil.pt\/wp-content\/uploads\/2022\/05\/koil.png 2005w\" sizes=\"(max-width: 260px) 100vw, 260px\" \/>\t\t\t\t\t\t\t\t\t\t\t\t\t<\/p>\n<form  action=\"https:\/\/www.koil.pt\/?jet_engine_action=book&#038;_jet_form_is_ajax=1\" method=\"POST\" data-form-id=\"1648\"><input type=\"hidden\" name=\"_jet_engine_booking_form_id\" value=\"1648\" data-field-name=\"_jet_engine_booking_form_id\"><input type=\"hidden\" name=\"_jet_engine_refer\" value=\"https:\/\/www.koil.pt\" data-field-name=\"_jet_engine_refer\"><br \/>\n\tPara utlizar nossa calculadora entre com os dados necess\u00e1rios:<br \/>\n\tCapacidade do Tanque (l)*<br \/>\n\t<input type=\"number\" value=\"\" required=\"required\" min=\"10\" max=\"100000\" step=\"10\" name=\"cap_tanque\" data-field-name=\"cap_tanque\" id=\"cap_tanque\"><br \/>\n\tN\u00edvel Atual (%)*<br \/>\n\t<input type=\"number\" placeholder=\"%\" value=\"\" required=\"required\" min=\"1\" max=\"100\" step=\"1\" name=\"nivel\" data-field-name=\"nivel\" id=\"nivel\"><br \/>\n\tConcentra\u00e7\u00e3o Atual (%)*<br \/>\n\t<input type=\"number\" placeholder=\"%\" value=\"\" required=\"required\" min=\"1\" max=\"100\" step=\"1\" name=\"conc_atual\" data-field-name=\"conc_atual\" id=\"conc_atual\"><br \/>\n\tConcentra\u00e7\u00e3o Desejada (%)*<br \/>\n\t<input type=\"number\" placeholder=\"%\" value=\"\" required=\"required\" min=\"0.1\" max=\"100\" step=\"0.1\" name=\"conc_des\" data-field-name=\"conc_des\" id=\"conc_des\"><br \/>\n\tResultado:<br \/>\n\tLitros de \u00d3leo a adicionar<br \/>\n\t\t<input type=\"hidden\" name=\"lit_adic\" value=\"\" data-field-name=\"lit_adic\"><br \/>\n\tConcentra\u00e7\u00e3o a adicionar<br \/>\n\t\t<input type=\"hidden\" name=\"conc_adic\" value=\"\" data-field-name=\"conc_adic\"><br \/>\n\t\t\t %<br \/>\n\t<input type=\"hidden\" name=\"post_id\" value=\"1665\" data-field-name=\"post_id\"><br \/>\n\t\t<button type=\"button\">Enviar Dados<\/button><br \/>\n<input type=\"hidden\" name=\"_jet_engine_nonce\" value=\"74b9bcc787\" data-field-name=\"_jet_engine_nonce\"><\/form>\n","protected":false},"excerpt":{"rendered":"<p>CALCULADORA de ABASTECIMENTO EMULS\u00c3O de REFRIGERA\u00c7\u00c3OKAME Para utlizar nossa calculadora entre com os dados necess\u00e1rios: Capacidade do Tanque (l)* N\u00edvel Atual (%)* Concentra\u00e7\u00e3o Atual (%)* Concentra\u00e7\u00e3o Desejada (%)* Resultado: Litros de \u00d3leo a adicionar Concentra\u00e7\u00e3o a adicionar % Enviar Dados<\/p>\n","protected":false},"author":6,"featured_media":0,"parent":0,"menu_order":0,"comment_status":"closed","ping_status":"closed","template":"elementor_header_footer","meta":{"footnotes":""},"yoast_head":"<!-- This site is optimized with the Yoast SEO plugin v22.3 - https:\/\/yoast.com\/wordpress\/plugins\/seo\/ -->\n<title>Calculadora - KOIL<\/title>\n<meta name=\"description\" content=\"A K Oil atua no setor industrial, com base na elevada qualidade dos produtos das nas marcas representadas e na consultoria nos despartamentos de manuten\u00e7\u00e3o\" \/>\n<meta name=\"robots\" content=\"index, follow, max-snippet:-1, max-image-preview:large, max-video-preview:-1\" \/>\n<link rel=\"canonical\" href=\"https:\/\/www.koil.pt\/?page_id=1665\" \/>\n<meta property=\"og:locale\" content=\"pt_PT\" \/>\n<meta property=\"og:type\" content=\"article\" \/>\n<meta property=\"og:title\" content=\"Calculadora - KOIL\" \/>\n<meta property=\"og:description\" content=\"A K Oil atua no setor industrial, com base na elevada qualidade dos produtos das nas marcas representadas e na consultoria nos despartamentos de manuten\u00e7\u00e3o\" \/>\n<meta property=\"og:url\" content=\"https:\/\/www.koil.pt\/?page_id=1665\" \/>\n<meta property=\"og:site_name\" content=\"KOIL\" \/>\n<meta property=\"article:modified_time\" content=\"2024-06-29T20:16:25+00:00\" \/>\n<meta property=\"og:image\" content=\"https:\/\/www.koil.pt\/wp-content\/uploads\/2022\/05\/koil-260x122.png\" \/>\n<meta name=\"twitter:card\" content=\"summary_large_image\" \/>\n<meta name=\"twitter:label1\" content=\"Tempo estimado de leitura\" \/>\n\t<meta name=\"twitter:data1\" content=\"1 minuto\" \/>\n<script type=\"application\/ld+json\" class=\"yoast-schema-graph\">{\"@context\":\"https:\/\/schema.org\",\"@graph\":[{\"@type\":\"WebPage\",\"@id\":\"https:\/\/www.koil.pt\/?page_id=1665\",\"url\":\"https:\/\/www.koil.pt\/?page_id=1665\",\"name\":\"Calculadora - KOIL\",\"isPartOf\":{\"@id\":\"https:\/\/www.koil.pt\/#website\"},\"primaryImageOfPage\":{\"@id\":\"https:\/\/www.koil.pt\/?page_id=1665#primaryimage\"},\"image\":{\"@id\":\"https:\/\/www.koil.pt\/?page_id=1665#primaryimage\"},\"thumbnailUrl\":\"https:\/\/www.koil.pt\/wp-content\/uploads\/2022\/05\/koil-260x122.png\",\"datePublished\":\"2024-05-16T19:01:14+00:00\",\"dateModified\":\"2024-06-29T20:16:25+00:00\",\"description\":\"A K Oil atua no setor industrial, com base na elevada qualidade dos produtos das nas marcas representadas e na consultoria nos despartamentos de manuten\u00e7\u00e3o\",\"breadcrumb\":{\"@id\":\"https:\/\/www.koil.pt\/?page_id=1665#breadcrumb\"},\"inLanguage\":\"pt-PT\",\"potentialAction\":[{\"@type\":\"ReadAction\",\"target\":[\"https:\/\/www.koil.pt\/?page_id=1665\"]}]},{\"@type\":\"ImageObject\",\"inLanguage\":\"pt-PT\",\"@id\":\"https:\/\/www.koil.pt\/?page_id=1665#primaryimage\",\"url\":\"https:\/\/www.koil.pt\/wp-content\/uploads\/2022\/05\/koil.png\",\"contentUrl\":\"https:\/\/www.koil.pt\/wp-content\/uploads\/2022\/05\/koil.png\",\"width\":2005,\"height\":940},{\"@type\":\"BreadcrumbList\",\"@id\":\"https:\/\/www.koil.pt\/?page_id=1665#breadcrumb\",\"itemListElement\":[{\"@type\":\"ListItem\",\"position\":1,\"name\":\"In\u00edcio\",\"item\":\"https:\/\/www.koil.pt\/\"},{\"@type\":\"ListItem\",\"position\":2,\"name\":\"Calculadora\"}]},{\"@type\":\"WebSite\",\"@id\":\"https:\/\/www.koil.pt\/#website\",\"url\":\"https:\/\/www.koil.pt\/\",\"name\":\"KOIL\",\"description\":\"Recomendamos no presente a pensar no futuro\",\"potentialAction\":[{\"@type\":\"SearchAction\",\"target\":{\"@type\":\"EntryPoint\",\"urlTemplate\":\"https:\/\/www.koil.pt\/?s={search_term_string}\"},\"query-input\":\"required name=search_term_string\"}],\"inLanguage\":\"pt-PT\"}]}<\/script>\n<!-- \/ Yoast SEO plugin. -->","yoast_head_json":{"title":"Calculadora - KOIL","description":"A K Oil atua no setor industrial, com base na elevada qualidade dos produtos das nas marcas representadas e na consultoria nos despartamentos de manuten\u00e7\u00e3o","robots":{"index":"index","follow":"follow","max-snippet":"max-snippet:-1","max-image-preview":"max-image-preview:large","max-video-preview":"max-video-preview:-1"},"canonical":"https:\/\/www.koil.pt\/?page_id=1665","og_locale":"pt_PT","og_type":"article","og_title":"Calculadora - KOIL","og_description":"A K Oil atua no setor industrial, com base na elevada qualidade dos produtos das nas marcas representadas e na consultoria nos despartamentos de manuten\u00e7\u00e3o","og_url":"https:\/\/www.koil.pt\/?page_id=1665","og_site_name":"KOIL","article_modified_time":"2024-06-29T20:16:25+00:00","og_image":[{"url":"https:\/\/www.koil.pt\/wp-content\/uploads\/2022\/05\/koil-260x122.png"}],"twitter_card":"summary_large_image","twitter_misc":{"Tempo estimado de leitura":"1 minuto"},"schema":{"@context":"https:\/\/schema.org","@graph":[{"@type":"WebPage","@id":"https:\/\/www.koil.pt\/?page_id=1665","url":"https:\/\/www.koil.pt\/?page_id=1665","name":"Calculadora - KOIL","isPartOf":{"@id":"https:\/\/www.koil.pt\/#website"},"primaryImageOfPage":{"@id":"https:\/\/www.koil.pt\/?page_id=1665#primaryimage"},"image":{"@id":"https:\/\/www.koil.pt\/?page_id=1665#primaryimage"},"thumbnailUrl":"https:\/\/www.koil.pt\/wp-content\/uploads\/2022\/05\/koil-260x122.png","datePublished":"2024-05-16T19:01:14+00:00","dateModified":"2024-06-29T20:16:25+00:00","description":"A K Oil atua no setor industrial, com base na elevada qualidade dos produtos das nas marcas representadas e na consultoria nos despartamentos de manuten\u00e7\u00e3o","breadcrumb":{"@id":"https:\/\/www.koil.pt\/?page_id=1665#breadcrumb"},"inLanguage":"pt-PT","potentialAction":[{"@type":"ReadAction","target":["https:\/\/www.koil.pt\/?page_id=1665"]}]},{"@type":"ImageObject","inLanguage":"pt-PT","@id":"https:\/\/www.koil.pt\/?page_id=1665#primaryimage","url":"https:\/\/www.koil.pt\/wp-content\/uploads\/2022\/05\/koil.png","contentUrl":"https:\/\/www.koil.pt\/wp-content\/uploads\/2022\/05\/koil.png","width":2005,"height":940},{"@type":"BreadcrumbList","@id":"https:\/\/www.koil.pt\/?page_id=1665#breadcrumb","itemListElement":[{"@type":"ListItem","position":1,"name":"In\u00edcio","item":"https:\/\/www.koil.pt\/"},{"@type":"ListItem","position":2,"name":"Calculadora"}]},{"@type":"WebSite","@id":"https:\/\/www.koil.pt\/#website","url":"https:\/\/www.koil.pt\/","name":"KOIL","description":"Recomendamos no presente a pensar no futuro","potentialAction":[{"@type":"SearchAction","target":{"@type":"EntryPoint","urlTemplate":"https:\/\/www.koil.pt\/?s={search_term_string}"},"query-input":"required name=search_term_string"}],"inLanguage":"pt-PT"}]}},"_links":{"self":[{"href":"https:\/\/www.koil.pt\/index.php?rest_route=\/wp\/v2\/pages\/1665"}],"collection":[{"href":"https:\/\/www.koil.pt\/index.php?rest_route=\/wp\/v2\/pages"}],"about":[{"href":"https:\/\/www.koil.pt\/index.php?rest_route=\/wp\/v2\/types\/page"}],"author":[{"embeddable":true,"href":"https:\/\/www.koil.pt\/index.php?rest_route=\/wp\/v2\/users\/6"}],"replies":[{"embeddable":true,"href":"https:\/\/www.koil.pt\/index.php?rest_route=%2Fwp%2Fv2%2Fcomments&post=1665"}],"version-history":[{"count":90,"href":"https:\/\/www.koil.pt\/index.php?rest_route=\/wp\/v2\/pages\/1665\/revisions"}],"predecessor-version":[{"id":1793,"href":"https:\/\/www.koil.pt\/index.php?rest_route=\/wp\/v2\/pages\/1665\/revisions\/1793"}],"wp:attachment":[{"href":"https:\/\/www.koil.pt\/index.php?rest_route=%2Fwp%2Fv2%2Fmedia&parent=1665"}],"curies":[{"name":"wp","href":"https:\/\/api.w.org\/{rel}","templated":true}]}}